{"id":9084,"date":"2024-11-30T23:06:54","date_gmt":"2024-11-30T22:06:54","guid":{"rendered":"https:\/\/iriscolors.fr\/produit\/pensees-felines-reproduction\/"},"modified":"2024-12-09T23:02:28","modified_gmt":"2024-12-09T22:02:28","slug":"pensees-felines-reproduction","status":"publish","type":"product","link":"https:\/\/iriscolors.fr\/en\/produit\/pensees-felines-reproduction\/","title":{"rendered":"Pens\u00e9es f\u00e9lines &#8211; Reproduction"},"content":{"rendered":"<p>The original painting &#8220;Pens\u00e9es f\u00e9lines&#8221; was painted in acrylic on canvas, the reproductions are 30 x 40 cm. There are only 30 reproductions available, numbered from 1 to 30 and signed on the back.<\/p>\n<div class=\"\" data-block=\"true\" data-editor=\"aifjb\" data-offset-key=\"2b7d8-0-0\">\n<div class=\"_1mf _1mj\" data-offset-key=\"2b7d8-0-0\"><em>What is a reproduction ? <\/em><\/div>\n<\/div>\n<div class=\"\" data-block=\"true\" data-editor=\"aifjb\" data-offset-key=\"80tv-0-0\">\n<div class=\"_1mf _1mj\" data-offset-key=\"80tv-0-0\"><span data-offset-key=\"80tv-0-0\">It is a photo of the painting that has been computer enhanced to be as faithful to the original as possible. The photo is then printed on paper <\/span>230g matte coated cardboard produced sustainably (PEFC and FSC certified). The inks are chosen to be highly resistant to indoor light. For a beautiful effect on your wall, frame the reproduction.<\/div>\n<\/div>\n","protected":false},"excerpt":{"rendered":"<p>Reproduction of &#8220;Pens\u00e9es f\u00e9lines&#8221;<\/p>\n<ul>\n<li>30 x 40 cm<\/li>\n<li>Mat paper 230g<\/li>\n<li>Limited series: 30 signed and numbered copies<\/li>\n<\/ul>\n","protected":false},"featured_media":9382,"template":"","meta":[],"product_brand":[],"product_cat":[446,448],"product_tag":[],"class_list":{"0":"post-9084","1":"product","2":"type-product","3":"status-publish","4":"has-post-thumbnail","6":"product_cat-all-products","7":"product_cat-reproductions-en","9":"first","10":"instock","11":"purchasable","12":"product-type-simple"},"_links":{"self":[{"href":"https:\/\/iriscolors.fr\/en\/wp-json\/wp\/v2\/product\/9084","targetHints":{"allow":["GET"]}}],"collection":[{"href":"https:\/\/iriscolors.fr\/en\/wp-json\/wp\/v2\/product"}],"about":[{"href":"https:\/\/iriscolors.fr\/en\/wp-json\/wp\/v2\/types\/product"}],"wp:featuredmedia":[{"embeddable":true,"href":"https:\/\/iriscolors.fr\/en\/wp-json\/wp\/v2\/media\/9382"}],"wp:attachment":[{"href":"https:\/\/iriscolors.fr\/en\/wp-json\/wp\/v2\/media?parent=9084"}],"wp:term":[{"taxonomy":"product_brand","embeddable":true,"href":"https:\/\/iriscolors.fr\/en\/wp-json\/wp\/v2\/product_brand?post=9084"},{"taxonomy":"product_cat","embeddable":true,"href":"https:\/\/iriscolors.fr\/en\/wp-json\/wp\/v2\/product_cat?post=9084"},{"taxonomy":"product_tag","embeddable":true,"href":"https:\/\/iriscolors.fr\/en\/wp-json\/wp\/v2\/product_tag?post=9084"}],"curies":[{"name":"wp","href":"https:\/\/api.w.org\/{rel}","templated":true}]}}