{"id":9348,"date":"2024-12-01T20:00:33","date_gmt":"2024-12-01T19:00:33","guid":{"rendered":"https:\/\/iriscolors.fr\/?post_type=product&#038;p=9348"},"modified":"2024-12-09T23:02:26","modified_gmt":"2024-12-09T22:02:26","slug":"harmonie-reproduction","status":"publish","type":"product","link":"https:\/\/iriscolors.fr\/en\/produit\/harmonie-reproduction\/","title":{"rendered":"Harmonie &#8211; Reproduction"},"content":{"rendered":"<p>Le tableau original, &#8220;Harmonie&#8221;, a \u00e9t\u00e9 r\u00e9alis\u00e9 au profit d&#8217;une association animale, et gagn\u00e9 lors d&#8217;une tombola. Ces reproductions font 35 x 35 cm.<\/p>\n<div class=\"\" data-block=\"true\" data-editor=\"aifjb\" data-offset-key=\"2b7d8-0-0\">\n<div class=\"_1mf _1mj\" data-offset-key=\"2b7d8-0-0\"><em>Qu&#8217;est-ce qu&#8217;une reproduction ? <\/em><\/div>\n<\/div>\n<div class=\"\" data-block=\"true\" data-editor=\"aifjb\" data-offset-key=\"80tv-0-0\">\n<div class=\"_1mf _1mj\" data-offset-key=\"80tv-0-0\"><span data-offset-key=\"80tv-0-0\">Il s&#8217;agit d&#8217;une photo de la peinture qui a \u00e9t\u00e9 retouch\u00e9e par ordinateur afin d&#8217;\u00eatre la plus fid\u00e8le possible \u00e0 l&#8217;original. La photo est ensuite imprim\u00e9e sur du papier <\/span>cartonn\u00e9 couch\u00e9 mat 230g produit durablement (certifi\u00e9 PEFC et FSC). Les encres sont choisies pour \u00eatre tr\u00e8s r\u00e9sistantes \u00e0 la lumi\u00e8re int\u00e9rieure. Pour un bel effet sur votre mur, encadrez la reproduction.<\/div>\n<\/div>\n","protected":false},"excerpt":{"rendered":"<p>Reproduction de &#8220;Harmonie&#8221;<\/p>\n<ul>\n<li>35 x 35 cm<\/li>\n<li>Papier mat 230g<\/li>\n<li>S\u00e9rie limit\u00e9e : 30 exemplaires sign\u00e9s et num\u00e9rot\u00e9s<\/li>\n<\/ul>\n","protected":false},"featured_media":9288,"template":"","meta":[],"product_brand":[],"product_cat":[432,428],"product_tag":[],"class_list":{"0":"post-9348","1":"product","2":"type-product","3":"status-publish","4":"has-post-thumbnail","6":"product_cat-reproductions","7":"product_cat-tous-les-produits","9":"first","10":"instock","11":"purchasable","12":"product-type-simple"},"_links":{"self":[{"href":"https:\/\/iriscolors.fr\/en\/wp-json\/wp\/v2\/product\/9348","targetHints":{"allow":["GET"]}}],"collection":[{"href":"https:\/\/iriscolors.fr\/en\/wp-json\/wp\/v2\/product"}],"about":[{"href":"https:\/\/iriscolors.fr\/en\/wp-json\/wp\/v2\/types\/product"}],"wp:featuredmedia":[{"embeddable":true,"href":"https:\/\/iriscolors.fr\/en\/wp-json\/wp\/v2\/media\/9288"}],"wp:attachment":[{"href":"https:\/\/iriscolors.fr\/en\/wp-json\/wp\/v2\/media?parent=9348"}],"wp:term":[{"taxonomy":"product_brand","embeddable":true,"href":"https:\/\/iriscolors.fr\/en\/wp-json\/wp\/v2\/product_brand?post=9348"},{"taxonomy":"product_cat","embeddable":true,"href":"https:\/\/iriscolors.fr\/en\/wp-json\/wp\/v2\/product_cat?post=9348"},{"taxonomy":"product_tag","embeddable":true,"href":"https:\/\/iriscolors.fr\/en\/wp-json\/wp\/v2\/product_tag?post=9348"}],"curies":[{"name":"wp","href":"https:\/\/api.w.org\/{rel}","templated":true}]}}